{"id":1307,"date":"2017-03-01T15:34:34","date_gmt":"2017-03-01T13:34:34","guid":{"rendered":"https:\/\/www.satorinr.sk\/?page_id=1307"},"modified":"2022-06-01T12:33:25","modified_gmt":"2022-06-01T10:33:25","slug":"delivery","status":"publish","type":"page","link":"https:\/\/www.satorinr.sk\/en\/delivery\/","title":{"rendered":"Delivery &#038; Takeaway"},"content":{"rendered":"<p style=\"text-align: center;\"><span style=\"font-size: 18pt; background-color: #ffffff; color: #cd2029;\"><strong><em>Orders to: <a style=\"background-color: #ffffff; color: #cd2029;\" href=\"tel:00421911505363\">+421 911 505 363<\/a>\u00a0<\/em><\/strong><\/span><\/p>\n<p style=\"text-align: center;\"><span style=\"font-size: 18pt;\"><strong><span style=\"background-color: #cd2029; color: #ffffff;\">\u00a0<a style=\"background-color: #cd2029; color: #ffffff;\" href=\"https:\/\/www.satorinr.sk\/en\/offer\/alacarte\/\" target=\"_blank\" rel=\"noopener noreferrer\">Ala carte<\/a> <span style=\"background-color: #ffffff;\">\u00a0<\/span><\/span><span style=\"color: #cd2029;\">|<\/span> <span style=\"background-color: #cd2029; color: #ffffff;\">\u00a0<a style=\"background-color: #cd2029; color: #ffffff;\" href=\"https:\/\/www.satorinr.sk\/en\/offer\/sushi\/\" target=\"_blank\" rel=\"noopener noreferrer\">Sushi<\/a>\u00a0<\/span>\u00a0<span style=\"color: #cd2029;\">|<\/span> <span style=\"color: #ffffff;\"><span style=\"background-color: #cd2029;\">\u00a0<\/span><a style=\"color: #ffffff;\" href=\"https:\/\/www.satorinr.sk\/en\/offer\/lunchmenu\" target=\"_blank\" rel=\"noopener noreferrer\"><span style=\"background-color: #cd2029;\">Lunch menu<\/span><\/a><span style=\"background-color: #cd2029;\"><span style=\"background-color: #ffffff;\">\u00a0<\/span><\/span><\/span><\/strong><\/span><\/p>\n<p style=\"text-align: center;\"><em><strong><a href=\"https:\/\/www.satorinr.sk\/en\/offer\/donaska\/\">LUNCH MENU<\/a> between 11.00 am and 2 pm<br \/>\nFrom 2 pm possible order from ALA CARTE an SUSHI<br \/>\n<\/strong><\/em><em><strong>Delivery price outside Nitra by agreement.<\/strong><\/em><\/p>\n<p style=\"text-align: center;\"><span style=\"background-color: #000000; color: #ffffff;\"><em><b style=\"color: #ffffff;\">\u00a0Opening hours\u00a0<\/b><br \/>\n<span style=\"color: #ffffff;\"><b>Monday \u2013 Saturday from 11 am to 10 pm<\/b><\/span><b style=\"color: #ffffff;\"><br \/>\n<\/b><\/em><\/span><span style=\"background-color: #000000; color: #ffffff;\"><em><strong>Sunday &#8211; CLOSED<br \/>\nDelivery by agreement<br \/>\n<\/strong><\/em><\/span><span style=\"background-color: #000000; color: #ffffff;\"><em><strong>Taking over the order until 9.30 pm (orders 9.00 pm)<\/strong><\/em><\/span><\/p>\n<p>&nbsp;<\/p>\n<p>&nbsp;<\/p>\n","protected":false},"excerpt":{"rendered":"<p>Orders to: +421 911 505 363\u00a0 \u00a0Ala carte \u00a0| \u00a0Sushi\u00a0\u00a0| \u00a0Lunch menu\u00a0 LUNCH MENU between 11.00 am and 2 pm From 2 pm possible order from ALA CARTE an SUSHI [&hellip;]<\/p>\n","protected":false},"author":2,"featured_media":0,"parent":0,"menu_order":0,"comment_status":"closed","ping_status":"closed","template":"","meta":[],"acf":[],"yoast_head":"<!-- This site is optimized with the Yoast SEO plugin v18.4.1 - https:\/\/yoast.com\/wordpress\/plugins\/seo\/ -->\n<title>Delivery &amp; Takeaway - Satori Fusion Restaurant<\/title>\n<meta name=\"description\" content=\"\u00c1zijsk\u00e1 re\u0161taur\u00e1cia Satori Fusion Restaurant je spojen\u00edm modernej gastron\u00f3mie, profesion\u00e1lnej obsluhy a pr\u00edjemnej atmosf\u00e9ry v netradi\u010dnom prostred\u00ed s n\u00e1dychom exotiky.\" \/>\n<meta name=\"robots\" content=\"index, follow, max-snippet:-1, max-image-preview:large, max-video-preview:-1\" \/>\n<link rel=\"canonical\" href=\"https:\/\/www.satorinr.sk\/en\/delivery\/\" \/>\n<meta property=\"og:locale\" content=\"en_US\" \/>\n<meta property=\"og:type\" content=\"article\" \/>\n<meta property=\"og:title\" content=\"Delivery &amp; Takeaway - Satori Fusion Restaurant\" \/>\n<meta property=\"og:description\" content=\"\u00c1zijsk\u00e1 re\u0161taur\u00e1cia Satori Fusion Restaurant je spojen\u00edm modernej gastron\u00f3mie, profesion\u00e1lnej obsluhy a pr\u00edjemnej atmosf\u00e9ry v netradi\u010dnom prostred\u00ed s n\u00e1dychom exotiky.\" \/>\n<meta property=\"og:url\" content=\"https:\/\/www.satorinr.sk\/en\/delivery\/\" \/>\n<meta property=\"og:site_name\" content=\"Satori Fusion Restaurant\" \/>\n<meta property=\"article:publisher\" content=\"https:\/\/www.facebook.com\/Satori-Fusion-Restaurant-278052855869035\/\" \/>\n<meta property=\"article:modified_time\" content=\"2022-06-01T10:33:25+00:00\" \/>\n<meta name=\"twitter:card\" content=\"summary\" \/>\n<meta name=\"twitter:label1\" content=\"Est. reading time\" \/>\n\t<meta name=\"twitter:data1\" content=\"1 minute\" \/>\n<script type=\"application\/ld+json\" class=\"yoast-schema-graph\">{\"@context\":\"https:\/\/schema.org\",\"@graph\":[{\"@type\":\"WebSite\",\"@id\":\"https:\/\/www.satorinr.sk\/#website\",\"url\":\"https:\/\/www.satorinr.sk\/\",\"name\":\"Satori Fusion Restaurant\",\"description\":\"\",\"potentialAction\":[{\"@type\":\"SearchAction\",\"target\":{\"@type\":\"EntryPoint\",\"urlTemplate\":\"https:\/\/www.satorinr.sk\/?s={search_term_string}\"},\"query-input\":\"required name=search_term_string\"}],\"inLanguage\":\"en-US\"},{\"@type\":\"WebPage\",\"@id\":\"https:\/\/www.satorinr.sk\/en\/delivery\/#webpage\",\"url\":\"https:\/\/www.satorinr.sk\/en\/delivery\/\",\"name\":\"Delivery & Takeaway - Satori Fusion Restaurant\",\"isPartOf\":{\"@id\":\"https:\/\/www.satorinr.sk\/#website\"},\"datePublished\":\"2017-03-01T13:34:34+00:00\",\"dateModified\":\"2022-06-01T10:33:25+00:00\",\"description\":\"\u00c1zijsk\u00e1 re\u0161taur\u00e1cia Satori Fusion Restaurant je spojen\u00edm modernej gastron\u00f3mie, profesion\u00e1lnej obsluhy a pr\u00edjemnej atmosf\u00e9ry v netradi\u010dnom prostred\u00ed s n\u00e1dychom exotiky.\",\"breadcrumb\":{\"@id\":\"https:\/\/www.satorinr.sk\/en\/delivery\/#breadcrumb\"},\"inLanguage\":\"en-US\",\"potentialAction\":[{\"@type\":\"ReadAction\",\"target\":[\"https:\/\/www.satorinr.sk\/en\/delivery\/\"]}]},{\"@type\":\"BreadcrumbList\",\"@id\":\"https:\/\/www.satorinr.sk\/en\/delivery\/#breadcrumb\",\"itemListElement\":[{\"@type\":\"ListItem\",\"position\":1,\"name\":\"Domovsk\u00e1 str\u00e1nka\",\"item\":\"https:\/\/www.satorinr.sk\/en\/hlavna-stranka\/\"},{\"@type\":\"ListItem\",\"position\":2,\"name\":\"Delivery &#038; Takeaway\"}]}]}<\/script>\n<!-- \/ Yoast SEO plugin. -->","yoast_head_json":{"title":"Delivery & Takeaway - Satori Fusion Restaurant","description":"\u00c1zijsk\u00e1 re\u0161taur\u00e1cia Satori Fusion Restaurant je spojen\u00edm modernej gastron\u00f3mie, profesion\u00e1lnej obsluhy a pr\u00edjemnej atmosf\u00e9ry v netradi\u010dnom prostred\u00ed s n\u00e1dychom exotiky.","robots":{"index":"index","follow":"follow","max-snippet":"max-snippet:-1","max-image-preview":"max-image-preview:large","max-video-preview":"max-video-preview:-1"},"canonical":"https:\/\/www.satorinr.sk\/en\/delivery\/","og_locale":"en_US","og_type":"article","og_title":"Delivery & Takeaway - Satori Fusion Restaurant","og_description":"\u00c1zijsk\u00e1 re\u0161taur\u00e1cia Satori Fusion Restaurant je spojen\u00edm modernej gastron\u00f3mie, profesion\u00e1lnej obsluhy a pr\u00edjemnej atmosf\u00e9ry v netradi\u010dnom prostred\u00ed s n\u00e1dychom exotiky.","og_url":"https:\/\/www.satorinr.sk\/en\/delivery\/","og_site_name":"Satori Fusion Restaurant","article_publisher":"https:\/\/www.facebook.com\/Satori-Fusion-Restaurant-278052855869035\/","article_modified_time":"2022-06-01T10:33:25+00:00","twitter_card":"summary","twitter_misc":{"Est. reading time":"1 minute"},"schema":{"@context":"https:\/\/schema.org","@graph":[{"@type":"WebSite","@id":"https:\/\/www.satorinr.sk\/#website","url":"https:\/\/www.satorinr.sk\/","name":"Satori Fusion Restaurant","description":"","potentialAction":[{"@type":"SearchAction","target":{"@type":"EntryPoint","urlTemplate":"https:\/\/www.satorinr.sk\/?s={search_term_string}"},"query-input":"required name=search_term_string"}],"inLanguage":"en-US"},{"@type":"WebPage","@id":"https:\/\/www.satorinr.sk\/en\/delivery\/#webpage","url":"https:\/\/www.satorinr.sk\/en\/delivery\/","name":"Delivery & Takeaway - Satori Fusion Restaurant","isPartOf":{"@id":"https:\/\/www.satorinr.sk\/#website"},"datePublished":"2017-03-01T13:34:34+00:00","dateModified":"2022-06-01T10:33:25+00:00","description":"\u00c1zijsk\u00e1 re\u0161taur\u00e1cia Satori Fusion Restaurant je spojen\u00edm modernej gastron\u00f3mie, profesion\u00e1lnej obsluhy a pr\u00edjemnej atmosf\u00e9ry v netradi\u010dnom prostred\u00ed s n\u00e1dychom exotiky.","breadcrumb":{"@id":"https:\/\/www.satorinr.sk\/en\/delivery\/#breadcrumb"},"inLanguage":"en-US","potentialAction":[{"@type":"ReadAction","target":["https:\/\/www.satorinr.sk\/en\/delivery\/"]}]},{"@type":"BreadcrumbList","@id":"https:\/\/www.satorinr.sk\/en\/delivery\/#breadcrumb","itemListElement":[{"@type":"ListItem","position":1,"name":"Domovsk\u00e1 str\u00e1nka","item":"https:\/\/www.satorinr.sk\/en\/hlavna-stranka\/"},{"@type":"ListItem","position":2,"name":"Delivery &#038; Takeaway"}]}]}},"_links":{"self":[{"href":"https:\/\/www.satorinr.sk\/en\/wp-json\/wp\/v2\/pages\/1307"}],"collection":[{"href":"https:\/\/www.satorinr.sk\/en\/wp-json\/wp\/v2\/pages"}],"about":[{"href":"https:\/\/www.satorinr.sk\/en\/wp-json\/wp\/v2\/types\/page"}],"author":[{"embeddable":true,"href":"https:\/\/www.satorinr.sk\/en\/wp-json\/wp\/v2\/users\/2"}],"replies":[{"embeddable":true,"href":"https:\/\/www.satorinr.sk\/en\/wp-json\/wp\/v2\/comments?post=1307"}],"version-history":[{"count":52,"href":"https:\/\/www.satorinr.sk\/en\/wp-json\/wp\/v2\/pages\/1307\/revisions"}],"predecessor-version":[{"id":5216,"href":"https:\/\/www.satorinr.sk\/en\/wp-json\/wp\/v2\/pages\/1307\/revisions\/5216"}],"wp:attachment":[{"href":"https:\/\/www.satorinr.sk\/en\/wp-json\/wp\/v2\/media?parent=1307"}],"curies":[{"name":"wp","href":"https:\/\/api.w.org\/{rel}","templated":true}]}}