{"id":1317,"date":"2016-10-04T18:28:37","date_gmt":"2016-10-04T16:28:37","guid":{"rendered":"https:\/\/www.satorinr.sk\/?page_id=1317"},"modified":"2021-06-28T09:30:35","modified_gmt":"2021-06-28T07:30:35","slug":"hlavna-stranka","status":"publish","type":"page","link":"https:\/\/www.satorinr.sk\/en\/","title":{"rendered":"Homepage"},"content":{"rendered":"<p>[vc_row][vc_column]<link href=\"https:\/\/fonts.googleapis.com\/css?family=Open+Sans:300\" rel=\"stylesheet\" property=\"stylesheet\" type=\"text\/css\" media=\"all\">\n<div id=\"rev_slider_2_1_wrapper\" class=\"rev_slider_wrapper fullscreen-container\" data-source=\"gallery\" style=\"background:transparent;padding:0px;\">\n<!-- START REVOLUTION SLIDER 5.4.8.2 fullscreen mode -->\n\t<div id=\"rev_slider_2_1\" class=\"rev_slider fullscreenbanner\" style=\"display:none;\" data-version=\"5.4.8.2\">\n<ul>\t<!-- SLIDE  -->\n\t<li data-index=\"rs-2\" data-transition=\"fade\" data-slotamount=\"default\" data-hideafterloop=\"0\" data-hideslideonmobile=\"off\"  data-easein=\"default\" data-easeout=\"default\" data-masterspeed=\"300\"  data-rotate=\"0\"  data-saveperformance=\"off\"  data-title=\"Slide\" data-param1=\"\" data-param2=\"\" data-param3=\"\" data-param4=\"\" data-param5=\"\" data-param6=\"\" data-param7=\"\" data-param8=\"\" data-param9=\"\" data-param10=\"\" data-description=\"\">\n\t\t<!-- MAIN IMAGE -->\n\t\t<img src=\"https:\/\/www.satorinr.sk\/wp-content\/uploads\/2021\/06\/IMG_3565b.jpg\"  alt=\"\" title=\"IMG_3565b\"  width=\"1280\" height=\"856\" data-bgposition=\"center center\" data-bgfit=\"cover\" data-bgrepeat=\"no-repeat\" data-bgparallax=\"9\" class=\"rev-slidebg\" data-no-retina>\n\t\t<!-- LAYERS -->\n\n\t\t<!-- LAYER NR. 1 -->\n\t\t<div class=\"tp-caption op   tp-resizeme\" \n\t\t\t id=\"slide-2-layer-1\" \n\t\t\t data-x=\"['left','left','left','left']\" data-hoffset=\"['50','50','50','50']\" \n\t\t\t data-y=\"['middle','middle','middle','middle']\" data-voffset=\"['-100','-100','-100','-100']\" \n\t\t\t\t\t\tdata-width=\"none\"\n\t\t\tdata-height=\"none\"\n\t\t\tdata-whitespace=\"nowrap\"\n\t\t\tdata-visibility=\"['on','on','off','off']\"\n \n\t\t\tdata-type=\"text\" \n\t\t\tdata-responsive_offset=\"on\" \n\n\t\t\tdata-frames='[{\"delay\":500,\"speed\":300,\"frame\":\"0\",\"from\":\"opacity:0;\",\"to\":\"o:1;\",\"ease\":\"Power2.easeInOut\"},{\"delay\":\"wait\",\"speed\":300,\"frame\":\"999\",\"to\":\"opacity:0;\",\"ease\":\"nothing\"}]'\n\t\t\tdata-textAlign=\"['left','left','left','left']\"\n\t\t\tdata-paddingtop=\"[0,0,0,0]\"\n\t\t\tdata-paddingright=\"[0,0,0,0]\"\n\t\t\tdata-paddingbottom=\"[0,0,0,0]\"\n\t\t\tdata-paddingleft=\"[0,0,0,0]\"\n\n\t\t\tstyle=\"z-index: 5; white-space: nowrap; font-size: 45px; line-height: 55px; font-weight: 300; color: rgba(255,255,255,1); letter-spacing: px;font-family:Open Sans;\"><i>Welcome to<\/i><br> <\/div>\n\n\t\t<!-- LAYER NR. 2 -->\n\t\t<div class=\"tp-caption   tp-resizeme\" \n\t\t\t id=\"slide-2-layer-2\" \n\t\t\t data-x=\"['left','left','left','left']\" data-hoffset=\"['50','50','50','50']\" \n\t\t\t data-y=\"['middle','middle','middle','middle']\" data-voffset=\"['0','0','0','0']\" \n\t\t\t\t\t\tdata-width=\"none\"\n\t\t\tdata-height=\"none\"\n\t\t\tdata-whitespace=\"nowrap\"\n\t\t\tdata-visibility=\"['on','on','off','off']\"\n \n\t\t\tdata-type=\"text\" \n\t\t\tdata-responsive_offset=\"on\" \n\n\t\t\tdata-frames='[{\"delay\":500,\"speed\":300,\"frame\":\"0\",\"from\":\"opacity:0;\",\"to\":\"o:1;\",\"ease\":\"Power2.easeInOut\"},{\"delay\":\"wait\",\"speed\":300,\"frame\":\"999\",\"to\":\"opacity:0;\",\"ease\":\"nothing\"}]'\n\t\t\tdata-textAlign=\"['left','left','left','left']\"\n\t\t\tdata-paddingtop=\"[0,0,0,0]\"\n\t\t\tdata-paddingright=\"[0,0,0,0]\"\n\t\t\tdata-paddingbottom=\"[0,0,0,0]\"\n\t\t\tdata-paddingleft=\"[0,0,0,0]\"\n\n\t\t\tstyle=\"z-index: 6; white-space: nowrap; font-size: 60px; line-height: 60px; font-weight: 300; color: rgba(255,255,255,1); letter-spacing: px;font-family:Open Sans;\">SATORI FUSION <br>\nRESTAURANT\u2019s website <\/div>\n\n\t\t<!-- LAYER NR. 3 -->\n\t\t<div class=\"tp-caption rev-scroll-btn \" \n\t\t\t id=\"slide-2-layer-3\" \n\t\t\t data-x=\"['center','center','center','center']\" data-hoffset=\"['0','0','0','0']\" \n\t\t\t data-y=\"['bottom','bottom','bottom','bottom']\" data-voffset=\"['10','10','10','10']\" \n\t\t\t\t\t\tdata-width=\"35\"\n\t\t\tdata-height=\"55\"\n\t\t\tdata-whitespace=\"nowrap\"\n\t\t\tdata-visibility=\"['on','on','off','off']\"\n \n\t\t\tdata-type=\"button\" \n\t\t\tdata-actions='[{\"event\":\"click\",\"action\":\"scrollbelow\",\"offset\":\"-50px\",\"delay\":\"\",\"speed\":\"300\",\"ease\":\"Linear.easeNone\"}]'\n\t\t\tdata-responsive_offset=\"on\" \n\t\t\tdata-responsive=\"off\"\n\t\t\tdata-frames='[{\"delay\":500,\"speed\":300,\"frame\":\"0\",\"from\":\"opacity:0;\",\"to\":\"o:1;\",\"ease\":\"Power2.easeInOut\"},{\"delay\":\"wait\",\"speed\":300,\"frame\":\"999\",\"to\":\"opacity:0;\",\"ease\":\"nothing\"}]'\n\t\t\tdata-textAlign=\"['left','left','left','left']\"\n\t\t\tdata-paddingtop=\"[0,0,0,0]\"\n\t\t\tdata-paddingright=\"[0,0,0,0]\"\n\t\t\tdata-paddingbottom=\"[0,0,0,0]\"\n\t\t\tdata-paddingleft=\"[0,0,0,0]\"\n\n\t\t\tstyle=\"z-index: 7; min-width: 35px; max-width: 35px; max-width: 55px; max-width: 55px; white-space: nowrap; font-size: px; line-height: px; font-weight: 300; color: transparent; letter-spacing: ;border-color:rgba(255,255,255,1);border-style:solid;border-width:3px 3px 3px 3px;border-radius:23px 23px 23px 23px;box-sizing:border-box;-moz-box-sizing:border-box;-webkit-box-sizing:border-box;cursor:pointer;\">\t\t\t\t\t\t\t\n\t\t\t\t\t\t\t<span>\n\t\t\t\t\t\t\t<\/span>\t\t\t\t\t\t\t\n\t\t\t\t\t\t <\/div>\n\n\t\t<!-- LAYER NR. 4 -->\n\t\t<div class=\"tp-caption op   tp-resizeme\" \n\t\t\t id=\"slide-2-layer-4\" \n\t\t\t data-x=\"['center','center','center','center']\" data-hoffset=\"['0','0','0','0']\" \n\t\t\t data-y=\"['middle','middle','middle','middle']\" data-voffset=\"['-150','-150','-150','-150']\" \n\t\t\t\t\t\tdata-width=\"1239\"\n\t\t\tdata-height=\"56\"\n\t\t\tdata-whitespace=\"normal\"\n\t\t\tdata-visibility=\"['off','off','on','on']\"\n \n\t\t\tdata-type=\"text\" \n\t\t\tdata-responsive_offset=\"on\" \n\n\t\t\tdata-frames='[{\"delay\":500,\"speed\":300,\"frame\":\"0\",\"from\":\"opacity:0;\",\"to\":\"o:1;\",\"ease\":\"Power2.easeInOut\"},{\"delay\":\"wait\",\"speed\":300,\"frame\":\"999\",\"to\":\"opacity:0;\",\"ease\":\"nothing\"}]'\n\t\t\tdata-textAlign=\"['center','center','center','center']\"\n\t\t\tdata-paddingtop=\"[0,0,0,0]\"\n\t\t\tdata-paddingright=\"[0,0,0,0]\"\n\t\t\tdata-paddingbottom=\"[0,0,0,0]\"\n\t\t\tdata-paddingleft=\"[0,0,0,0]\"\n\n\t\t\tstyle=\"z-index: 8; min-width: 1239px; max-width: 1239px; max-width: 56px; max-width: 56px; white-space: normal; font-size: 45px; line-height: 55px; font-weight: 300; color: rgba(255,255,255,1); letter-spacing: px;font-family:Open Sans;\"><i>VWelcome to<\/i><br> <\/div>\n\n\t\t<!-- LAYER NR. 5 -->\n\t\t<div class=\"tp-caption   tp-resizeme\" \n\t\t\t id=\"slide-2-layer-5\" \n\t\t\t data-x=\"['center','center','center','center']\" data-hoffset=\"['0','0','0','0']\" \n\t\t\t data-y=\"['middle','middle','middle','middle']\" data-voffset=\"['6','6','6','6']\" \n\t\t\t\t\t\tdata-width=\"1238\"\n\t\t\tdata-height=\"121\"\n\t\t\tdata-whitespace=\"normal\"\n\t\t\tdata-visibility=\"['off','off','on','on']\"\n \n\t\t\tdata-type=\"text\" \n\t\t\tdata-responsive_offset=\"on\" \n\n\t\t\tdata-frames='[{\"delay\":500,\"speed\":300,\"frame\":\"0\",\"from\":\"opacity:0;\",\"to\":\"o:1;\",\"ease\":\"Power2.easeInOut\"},{\"delay\":\"wait\",\"speed\":300,\"frame\":\"999\",\"to\":\"opacity:0;\",\"ease\":\"nothing\"}]'\n\t\t\tdata-textAlign=\"['center','center','center','center']\"\n\t\t\tdata-paddingtop=\"[0,0,0,0]\"\n\t\t\tdata-paddingright=\"[0,0,0,0]\"\n\t\t\tdata-paddingbottom=\"[0,0,0,0]\"\n\t\t\tdata-paddingleft=\"[0,0,0,0]\"\n\n\t\t\tstyle=\"z-index: 9; min-width: 1238px; max-width: 1238px; max-width: 121px; max-width: 121px; white-space: normal; font-size: 60px; line-height: 60px; font-weight: 300; color: rgba(255,255,255,1); letter-spacing: px;font-family:Open Sans;\">SATORI FUSION <br>\nRESTAURANT\u2019s website <\/div>\n\n\t\t<!-- LAYER NR. 6 -->\n\t\t<div class=\"tp-caption rev-scroll-btn \" \n\t\t\t id=\"slide-2-layer-6\" \n\t\t\t data-x=\"['center','center','center','center']\" data-hoffset=\"['0','0','0','0']\" \n\t\t\t data-y=\"['bottom','bottom','bottom','bottom']\" data-voffset=\"['10','10','10','10']\" \n\t\t\t\t\t\tdata-width=\"35\"\n\t\t\tdata-height=\"55\"\n\t\t\tdata-whitespace=\"nowrap\"\n\t\t\tdata-visibility=\"['off','off','on','on']\"\n \n\t\t\tdata-type=\"button\" \n\t\t\tdata-actions='[{\"event\":\"click\",\"action\":\"scrollbelow\",\"offset\":\"-50px\",\"delay\":\"\",\"speed\":\"300\",\"ease\":\"Linear.easeNone\"}]'\n\t\t\tdata-responsive_offset=\"on\" \n\t\t\tdata-responsive=\"off\"\n\t\t\tdata-frames='[{\"delay\":500,\"speed\":300,\"frame\":\"0\",\"from\":\"opacity:0;\",\"to\":\"o:1;\",\"ease\":\"Power2.easeInOut\"},{\"delay\":\"wait\",\"speed\":300,\"frame\":\"999\",\"to\":\"opacity:0;\",\"ease\":\"nothing\"}]'\n\t\t\tdata-textAlign=\"['left','left','left','left']\"\n\t\t\tdata-paddingtop=\"[0,0,0,0]\"\n\t\t\tdata-paddingright=\"[0,0,0,0]\"\n\t\t\tdata-paddingbottom=\"[0,0,0,0]\"\n\t\t\tdata-paddingleft=\"[0,0,0,0]\"\n\n\t\t\tstyle=\"z-index: 10; min-width: 35px; max-width: 35px; max-width: 55px; max-width: 55px; white-space: nowrap; font-size: px; line-height: px; font-weight: 300; color: transparent; letter-spacing: px;border-color:rgba(255,255,255,1);border-style:solid;border-width:3px 3px 3px 3px;border-radius:23px 23px 23px 23px;box-sizing:border-box;-moz-box-sizing:border-box;-webkit-box-sizing:border-box;cursor:pointer;\">\t\t\t\t\t\t\t\n\t\t\t\t\t\t\t<span>\n\t\t\t\t\t\t\t<\/span>\t\t\t\t\t\t\t\n\t\t\t\t\t\t <\/div>\n\t<\/li>\n<\/ul>\n<div class=\"tp-bannertimer tp-bottom\" style=\"visibility: hidden !important;\"><\/div>\t<\/div>\n<script>var htmlDiv = document.getElementById(\"rs-plugin-settings-inline-css\"); var htmlDivCss=\"\";\n\t\t\t\tif(htmlDiv) {\n\t\t\t\t\thtmlDiv.innerHTML = htmlDiv.innerHTML + htmlDivCss;\n\t\t\t\t}else{\n\t\t\t\t\tvar htmlDiv = document.createElement(\"div\");\n\t\t\t\t\thtmlDiv.innerHTML = \"<style>\" + htmlDivCss + \"<\/style>\";\n\t\t\t\t\tdocument.getElementsByTagName(\"head\")[0].appendChild(htmlDiv.childNodes[0]);\n\t\t\t\t}\n\t\t\t<\/script>\n\t\t<script type=\"text\/javascript\">\nif (setREVStartSize!==undefined) setREVStartSize(\n\t{c: '#rev_slider_2_1', responsiveLevels: [1240,1240,778,778], gridwidth: [1240,1240,778,778], gridheight: [868,868,960,960], sliderLayout: 'fullscreen', fullScreenAutoWidth:'off', fullScreenAlignForce:'off', fullScreenOffsetContainer:'', fullScreenOffset:''});\n\t\t\t\nvar revapi2,\n\ttpj;\t\n(function() {\t\t\t\n\tif (!\/loaded|interactive|complete\/.test(document.readyState)) document.addEventListener(\"DOMContentLoaded\",onLoad); else onLoad();\t\n\tfunction onLoad() {\t\t\t\t\n\t\tif (tpj===undefined) { tpj = jQuery; if(\"off\" == \"on\") tpj.noConflict();}\n\tif(tpj(\"#rev_slider_2_1\").revolution == undefined){\n\t\trevslider_showDoubleJqueryError(\"#rev_slider_2_1\");\n\t}else{\n\t\trevapi2 = tpj(\"#rev_slider_2_1\").show().revolution({\n\t\t\tsliderType:\"hero\",\n\t\t\tjsFileLocation:\"\/\/www.satorinr.sk\/wp-content\/plugins\/revslider\/public\/assets\/js\/\",\n\t\t\tsliderLayout:\"fullscreen\",\n\t\t\tdottedOverlay:\"none\",\n\t\t\tdelay:9000,\n\t\t\tresponsiveLevels:[1240,1240,778,778],\n\t\t\tvisibilityLevels:[1240,1240,778,778],\n\t\t\tgridwidth:[1240,1240,778,778],\n\t\t\tgridheight:[868,868,960,960],\n\t\t\tlazyType:\"none\",\n\t\t\tparallax: {\n\t\t\t\ttype:\"mouse+scroll\",\n\t\t\t\torigo:\"enterpoint\",\n\t\t\t\tspeed:400,\n\t\t\t\tspeedbg:0,\n\t\t\t\tspeedls:0,\n\t\t\t\tlevels:[5,10,15,20,25,30,35,40,45,46,47,48,49,50,51,55],\n\t\t\t\tdisable_onmobile:\"on\"\n\t\t\t},\n\t\t\tshadow:0,\n\t\t\tspinner:\"spinner0\",\n\t\t\tautoHeight:\"off\",\n\t\t\tfullScreenAutoWidth:\"off\",\n\t\t\tfullScreenAlignForce:\"off\",\n\t\t\tfullScreenOffsetContainer: \"\",\n\t\t\tfullScreenOffset: \"\",\n\t\t\tdisableProgressBar:\"on\",\n\t\t\thideThumbsOnMobile:\"off\",\n\t\t\thideSliderAtLimit:0,\n\t\t\thideCaptionAtLimit:0,\n\t\t\thideAllCaptionAtLilmit:0,\n\t\t\tdebugMode:false,\n\t\t\tfallbacks: {\n\t\t\t\tsimplifyAll:\"off\",\n\t\t\t\tdisableFocusListener:false,\n\t\t\t}\n\t\t});\n\t}; \/* END OF revapi call *\/\n\t\n }; \/* END OF ON LOAD FUNCTION *\/\n}()); \/* END OF WRAPPING FUNCTION *\/\n<\/script>\n\t\t<\/div><!-- END REVOLUTION SLIDER -->[\/vc_column][\/vc_row][vc_row css=&#8221;.vc_custom_1475650391147{margin-top: 30px !important;}&#8221;][vc_column css=&#8221;.vc_custom_1573564432389{margin-top: 50px !important;margin-bottom: 15px !important;}&#8221;][vc_column_text]<\/p>\n<p style=\"text-align: center;\"><span style=\"font-size: 18pt;\"><strong><span style=\"background-color: #cd2029; color: #ffffff;\"><a style=\"background-color: #cd2029; color: #ffffff;\" href=\"https:\/\/www.satorinr.sk\/en\/offer\/lunchmenu\" target=\"_blank\" rel=\"noopener noreferrer\">\u00a0Delivery and Takeaway\u00a0<\/a><\/span><\/strong><\/span><\/p>\n<p>&nbsp;<\/p>\n<h2 style=\"text-align: center;\">discover satori<\/h2>\n<p style=\"text-align: center;\">Welcome to SATORI Fusion Restaurant\u2019s website. This modern restaurant located in the wider centre of Nitra is a unique combination of contemporary cuisine, professional table service and pleasant ambience set in a non-traditional environment with an exotic touch. Offering a blend of the flavours of modern gastronomy and Asian cuisine, our menu builds on perfect steaks and heavenly delicious sushi variations.<\/p>\n<p style=\"margin: 0cm 0cm 0.0001pt; line-height: 18.4pt; background: white; text-align: center;\"><span style=\"font-size: 11.5pt; font-family: 'Arial',sans-serif; color: black;\">\u00a0<\/span><\/p>\n<p style=\"text-align: center;\">The restaurant interior \u2013 designed by architects Filip Prikler and Filip Pipi\u0161ka \u2013 immediately catches your attention with its metropolitan spirit. The restaurant can currently accommodate 56 people and can be hired out for your special private or business events. Enjoy our superb and healthy food every day. From Monday through Friday we also offer a special lunch menu. Visit us to relax a little after work, to dine with your loved one or family, or to entertain your business partners. Find your reason to visit SATORI every day!<\/p>\n<p>[\/vc_column_text][\/vc_column][\/vc_row][vc_row content_placement=&#8221;middle&#8221;][vc_column width=&#8221;1\/3&#8243;][vc_single_image image=&#8221;4411&#8243; img_size=&#8221;full&#8221; style=&#8221;vc_box_circle_2&#8243; css_animation=&#8221;none&#8221;][\/vc_column][vc_column width=&#8221;2\/3&#8243;][vc_column_text css_animation=&#8221;none&#8221;]<\/p>\n<h2>professionalism<\/h2>\n<p><strong>Great people make great food<\/strong><\/p>\n<p>Quality is one of the core values we are determined to provide our guests on all levels of our work. We place great emphasis on using fresh ingredients \u2013 we only serve top-quality meat and fish, extraordinary wines, rare teas, and desserts with an unexpected combination of flavours. Every delicious bit is the result of the efforts of a team of professional cooks led by our Chef J\u00e1n Kontro\u0161 who has worked in the best restaurants in Slovakia. It is our honour to bring his talent here, to our beautiful city of Nitra. We are also well aware of the fact that we would be far from reaching the gastronomic heaven without our excellent waiting staff and pleasant ambience that even further enhance your experience. And that is precisely what we aim to do. To always make you feel welcome and pampered![\/vc_column_text][\/vc_column][\/vc_row][vc_row][vc_column width=&#8221;1\/3&#8243;][vc_column_text css_animation=&#8221;none&#8221; css=&#8221;.vc_custom_1602067180746{margin-right: -210px !important;padding-top: 30px !important;padding-right: 30px !important;padding-bottom: 30px !important;padding-left: 30px !important;background-color: #ffffff !important;}&#8221;]<\/p>\n<h2 style=\"text-align: right;\">fusion of flavours<\/h2>\n<p style=\"text-align: right;\"><strong>We combine traditional Asian cuisine with modern western gastronomy<\/strong><\/p>\n<p style=\"text-align: right;\">The term \u201cfusion gastronomy\u201d comes from the U.\u00a0S. and is used to refer to a\u00a0creative combination of differing world cuisines and techniques into one new unrestrained cooking style. In our restaurant, we combine ingredients and techniques of traditional Asian cuisine and modern world gastronomy in a way so as to deliver the most impressive culinary experience. The menu builds on juicy steaks and heavenly delicious sushi. Hear our Sushi Master\u2019s tips and try our Tom Yum, spicy ginger &amp; prawn soup with coconut milk, superb Satori Exclusive sushi rolls, and the amazing Maracuja Dessert. You will definitely also enjoy a cup of scented Japanese tea or a glass of homemade lemonade. It is also thanks to its fusion concept that our menu has (we believe so!) something for everyone.<\/p>\n<p>[\/vc_column_text][\/vc_column][vc_column width=&#8221;2\/3&#8243; el_class=&#8221;z-index-minus&#8221;][vc_single_image image=&#8221;79&#8243; img_size=&#8221;full&#8221; alignment=&#8221;right&#8221; css_animation=&#8221;none&#8221; css=&#8221;.vc_custom_1594125647682{margin-top: 140px !important;}&#8221;][\/vc_column][\/vc_row][vc_row content_placement=&#8221;middle&#8221;][vc_column width=&#8221;1\/3&#8243;][vc_single_image image=&#8221;65&#8243; img_size=&#8221;full&#8221; alignment=&#8221;right&#8221; css_animation=&#8221;none&#8221; css=&#8221;.vc_custom_1594125656763{margin-right: -100px !important;}&#8221;][\/vc_column][vc_column width=&#8221;2\/3&#8243;][vc_column_text css_animation=&#8221;none&#8221; el_class=&#8221;white-text&#8221; css=&#8221;.vc_custom_1602067196482{margin-left: 20px !important;padding-top: 30px !important;padding-right: 30px !important;padding-bottom: 30px !important;padding-left: 30px !important;background-color: #cd2029 !important;}&#8221;]<\/p>\n<h2>philosophy<\/h2>\n<p><strong>A\u00a0true gastronomic experience within your reach<\/strong><\/p>\n<p>We strive to create special gastronomic experiences \u2013 something your senses will instantly fall in love with during your very first visit. We wish that you would always be eager to come over and over again, choose our restaurant as your favourite gathering place and feel special here \u2013 all that at affordable prices. The menu has been carefully selected to offer you an almost unworldly experience with every dish you taste! SATORI is a Japanese term for awakening, deep understanding. We have prepared a fusion of flavours of modern western gastronomy and exotic Asian cuisine that will surprise you, taste delicious and make you crave for more. Enjoy \u2013 for that is the precise purpose of all our efforts. Why wait for a special occasion? Visit us, enjoy our great food and experience the SATORI feeling today![\/vc_column_text][\/vc_column][\/vc_row]<\/p>\n","protected":false},"excerpt":{"rendered":"<p>[vc_row][vc_column][\/vc_column][\/vc_row][vc_row css=&#8221;.vc_custom_1475650391147{margin-top: 30px !important;}&#8221;][vc_column css=&#8221;.vc_custom_1573564432389{margin-top: 50px !important;margin-bottom: 15px !important;}&#8221;][vc_column_text] \u00a0Delivery and Takeaway\u00a0 &nbsp; discover satori Welcome to SATORI Fusion Restaurant\u2019s website. This modern restaurant located in the wider centre of [&hellip;]<\/p>\n","protected":false},"author":3,"featured_media":0,"parent":0,"menu_order":0,"comment_status":"closed","ping_status":"closed","template":"page-templates\/page_composer.php","meta":[],"acf":[],"yoast_head":"<!-- This site is optimized with the Yoast SEO plugin v18.4.1 - https:\/\/yoast.com\/wordpress\/plugins\/seo\/ -->\n<title>Satori Fusion Restaurant<\/title>\n<meta name=\"description\" content=\"\u00c1zijsk\u00e1 re\u0161taur\u00e1cia Satori Fusion Restaurant je spojen\u00edm modernej gastron\u00f3mie, profesion\u00e1lnej obsluhy a pr\u00edjemnej atmosf\u00e9ry v netradi\u010dnom prostred\u00ed s n\u00e1dychom exotiky.\" \/>\n<meta name=\"robots\" content=\"index, follow, max-snippet:-1, max-image-preview:large, max-video-preview:-1\" \/>\n<link rel=\"canonical\" href=\"https:\/\/www.satorinr.sk\/en\/hlavna-stranka\/\" \/>\n<meta property=\"og:locale\" content=\"en_US\" \/>\n<meta property=\"og:type\" content=\"article\" \/>\n<meta property=\"og:title\" content=\"Satori Fusion Restaurant\" \/>\n<meta property=\"og:description\" content=\"\u00c1zijsk\u00e1 re\u0161taur\u00e1cia Satori Fusion Restaurant je spojen\u00edm modernej gastron\u00f3mie, profesion\u00e1lnej obsluhy a pr\u00edjemnej atmosf\u00e9ry v netradi\u010dnom prostred\u00ed s n\u00e1dychom exotiky.\" \/>\n<meta property=\"og:url\" content=\"https:\/\/www.satorinr.sk\/en\/hlavna-stranka\/\" \/>\n<meta property=\"og:site_name\" content=\"Satori Fusion Restaurant\" \/>\n<meta property=\"article:publisher\" content=\"https:\/\/www.facebook.com\/Satori-Fusion-Restaurant-278052855869035\/\" \/>\n<meta property=\"article:modified_time\" content=\"2021-06-28T07:30:35+00:00\" \/>\n<meta name=\"twitter:card\" content=\"summary\" \/>\n<meta name=\"twitter:label1\" content=\"Est. reading time\" \/>\n\t<meta name=\"twitter:data1\" content=\"4 minutes\" \/>\n<script type=\"application\/ld+json\" class=\"yoast-schema-graph\">{\"@context\":\"https:\/\/schema.org\",\"@graph\":[{\"@type\":\"WebSite\",\"@id\":\"https:\/\/www.satorinr.sk\/#website\",\"url\":\"https:\/\/www.satorinr.sk\/\",\"name\":\"Satori Fusion Restaurant\",\"description\":\"\",\"potentialAction\":[{\"@type\":\"SearchAction\",\"target\":{\"@type\":\"EntryPoint\",\"urlTemplate\":\"https:\/\/www.satorinr.sk\/?s={search_term_string}\"},\"query-input\":\"required name=search_term_string\"}],\"inLanguage\":\"en-US\"},{\"@type\":\"WebPage\",\"@id\":\"https:\/\/www.satorinr.sk\/en\/hlavna-stranka\/#webpage\",\"url\":\"https:\/\/www.satorinr.sk\/en\/hlavna-stranka\/\",\"name\":\"Satori Fusion Restaurant\",\"isPartOf\":{\"@id\":\"https:\/\/www.satorinr.sk\/#website\"},\"datePublished\":\"2016-10-04T16:28:37+00:00\",\"dateModified\":\"2021-06-28T07:30:35+00:00\",\"description\":\"\u00c1zijsk\u00e1 re\u0161taur\u00e1cia Satori Fusion Restaurant je spojen\u00edm modernej gastron\u00f3mie, profesion\u00e1lnej obsluhy a pr\u00edjemnej atmosf\u00e9ry v netradi\u010dnom prostred\u00ed s n\u00e1dychom exotiky.\",\"breadcrumb\":{\"@id\":\"https:\/\/www.satorinr.sk\/en\/hlavna-stranka\/#breadcrumb\"},\"inLanguage\":\"en-US\",\"potentialAction\":[{\"@type\":\"ReadAction\",\"target\":[\"https:\/\/www.satorinr.sk\/en\/hlavna-stranka\/\"]}]},{\"@type\":\"BreadcrumbList\",\"@id\":\"https:\/\/www.satorinr.sk\/en\/hlavna-stranka\/#breadcrumb\",\"itemListElement\":[{\"@type\":\"ListItem\",\"position\":1,\"name\":\"Domovsk\u00e1 str\u00e1nka\",\"item\":\"https:\/\/www.satorinr.sk\/en\/hlavna-stranka\/\"},{\"@type\":\"ListItem\",\"position\":2,\"name\":\"Homepage\"}]}]}<\/script>\n<!-- \/ Yoast SEO plugin. -->","yoast_head_json":{"title":"Satori Fusion Restaurant","description":"\u00c1zijsk\u00e1 re\u0161taur\u00e1cia Satori Fusion Restaurant je spojen\u00edm modernej gastron\u00f3mie, profesion\u00e1lnej obsluhy a pr\u00edjemnej atmosf\u00e9ry v netradi\u010dnom prostred\u00ed s n\u00e1dychom exotiky.","robots":{"index":"index","follow":"follow","max-snippet":"max-snippet:-1","max-image-preview":"max-image-preview:large","max-video-preview":"max-video-preview:-1"},"canonical":"https:\/\/www.satorinr.sk\/en\/hlavna-stranka\/","og_locale":"en_US","og_type":"article","og_title":"Satori Fusion Restaurant","og_description":"\u00c1zijsk\u00e1 re\u0161taur\u00e1cia Satori Fusion Restaurant je spojen\u00edm modernej gastron\u00f3mie, profesion\u00e1lnej obsluhy a pr\u00edjemnej atmosf\u00e9ry v netradi\u010dnom prostred\u00ed s n\u00e1dychom exotiky.","og_url":"https:\/\/www.satorinr.sk\/en\/hlavna-stranka\/","og_site_name":"Satori Fusion Restaurant","article_publisher":"https:\/\/www.facebook.com\/Satori-Fusion-Restaurant-278052855869035\/","article_modified_time":"2021-06-28T07:30:35+00:00","twitter_card":"summary","twitter_misc":{"Est. reading time":"4 minutes"},"schema":{"@context":"https:\/\/schema.org","@graph":[{"@type":"WebSite","@id":"https:\/\/www.satorinr.sk\/#website","url":"https:\/\/www.satorinr.sk\/","name":"Satori Fusion Restaurant","description":"","potentialAction":[{"@type":"SearchAction","target":{"@type":"EntryPoint","urlTemplate":"https:\/\/www.satorinr.sk\/?s={search_term_string}"},"query-input":"required name=search_term_string"}],"inLanguage":"en-US"},{"@type":"WebPage","@id":"https:\/\/www.satorinr.sk\/en\/hlavna-stranka\/#webpage","url":"https:\/\/www.satorinr.sk\/en\/hlavna-stranka\/","name":"Satori Fusion Restaurant","isPartOf":{"@id":"https:\/\/www.satorinr.sk\/#website"},"datePublished":"2016-10-04T16:28:37+00:00","dateModified":"2021-06-28T07:30:35+00:00","description":"\u00c1zijsk\u00e1 re\u0161taur\u00e1cia Satori Fusion Restaurant je spojen\u00edm modernej gastron\u00f3mie, profesion\u00e1lnej obsluhy a pr\u00edjemnej atmosf\u00e9ry v netradi\u010dnom prostred\u00ed s n\u00e1dychom exotiky.","breadcrumb":{"@id":"https:\/\/www.satorinr.sk\/en\/hlavna-stranka\/#breadcrumb"},"inLanguage":"en-US","potentialAction":[{"@type":"ReadAction","target":["https:\/\/www.satorinr.sk\/en\/hlavna-stranka\/"]}]},{"@type":"BreadcrumbList","@id":"https:\/\/www.satorinr.sk\/en\/hlavna-stranka\/#breadcrumb","itemListElement":[{"@type":"ListItem","position":1,"name":"Domovsk\u00e1 str\u00e1nka","item":"https:\/\/www.satorinr.sk\/en\/hlavna-stranka\/"},{"@type":"ListItem","position":2,"name":"Homepage"}]}]}},"_links":{"self":[{"href":"https:\/\/www.satorinr.sk\/en\/wp-json\/wp\/v2\/pages\/1317"}],"collection":[{"href":"https:\/\/www.satorinr.sk\/en\/wp-json\/wp\/v2\/pages"}],"about":[{"href":"https:\/\/www.satorinr.sk\/en\/wp-json\/wp\/v2\/types\/page"}],"author":[{"embeddable":true,"href":"https:\/\/www.satorinr.sk\/en\/wp-json\/wp\/v2\/users\/3"}],"replies":[{"embeddable":true,"href":"https:\/\/www.satorinr.sk\/en\/wp-json\/wp\/v2\/comments?post=1317"}],"version-history":[{"count":49,"href":"https:\/\/www.satorinr.sk\/en\/wp-json\/wp\/v2\/pages\/1317\/revisions"}],"predecessor-version":[{"id":4849,"href":"https:\/\/www.satorinr.sk\/en\/wp-json\/wp\/v2\/pages\/1317\/revisions\/4849"}],"wp:attachment":[{"href":"https:\/\/www.satorinr.sk\/en\/wp-json\/wp\/v2\/media?parent=1317"}],"curies":[{"name":"wp","href":"https:\/\/api.w.org\/{rel}","templated":true}]}}