{"id":1337,"date":"2017-03-02T12:11:42","date_gmt":"2017-03-02T10:11:42","guid":{"rendered":"https:\/\/www.satorinr.sk\/?page_id=1337"},"modified":"2020-08-21T11:05:10","modified_gmt":"2020-08-21T09:05:10","slug":"offer","status":"publish","type":"page","link":"https:\/\/www.satorinr.sk\/en\/offer\/","title":{"rendered":"Offer"},"content":{"rendered":"<p>[vc_row][vc_column][vc_column_text]<br \/>\n[\/vc_column_text][\/vc_column][\/vc_row][vc_row css=&#8221;.vc_custom_1475701096357{margin-bottom: 20px !important;}&#8221;][vc_column][vc_btn title=&#8221;download our menu&#8221; style=&#8221;dining-menu&#8221; link=&#8221;url:https%3A%2F%2Fwww.satorinr.sk%2Fwp-content%2Fuploads%2F2020%2F03%2FSATORI-alacarte-ENG2020.pdf||target:%20_blank|&#8221;][\/vc_column][\/vc_row][vc_row css=&#8221;.vc_custom_1475701103891{margin-bottom: 20px !important;}&#8221;][vc_column][vc_btn title=&#8221;download our sushi menu&#8221; style=&#8221;dining-menu&#8221; link=&#8221;url:https%3A%2F%2Fwww.satorinr.sk%2Fwp-content%2Fuploads%2F2020%2F03%2FSATORI-sushi-ENG2020.pdf||target:%20_blank|&#8221;][\/vc_column][\/vc_row][vc_row css=&#8221;.vc_custom_1475701103891{margin-bottom: 20px !important;}&#8221;][vc_column][vc_btn title=&#8221;download our drink menu&#8221; link=&#8221;url:https%3A%2F%2Fwww.satorinr.sk%2Fwp-content%2Fuploads%2F2020%2F03%2FSATORI-napojovy-ENG2020.pdf||target:%20_blank|&#8221;][\/vc_column][\/vc_row][vc_row css=&#8221;.vc_custom_1475701111066{margin-bottom: 20px !important;}&#8221;][vc_column][vc_btn title=&#8221;download our wine card&#8221; style=&#8221;wine-menu&#8221; link=&#8221;url:https%3A%2F%2Fwww.satorinr.sk%2Fwp-content%2Fuploads%2F2018%2F08%2FSATORI-vinna-karta-ENG.pdf||target:%20_blank|&#8221;][\/vc_column][\/vc_row]<\/p>\n","protected":false},"excerpt":{"rendered":"<p>[vc_row][vc_column][vc_column_text] [\/vc_column_text][\/vc_column][\/vc_row][vc_row css=&#8221;.vc_custom_1475701096357{margin-bottom: 20px !important;}&#8221;][vc_column][vc_btn title=&#8221;download our menu&#8221; style=&#8221;dining-menu&#8221; link=&#8221;url:https%3A%2F%2Fwww.satorinr.sk%2Fwp-content%2Fuploads%2F2020%2F03%2FSATORI-alacarte-ENG2020.pdf||target:%20_blank|&#8221;][\/vc_column][\/vc_row][vc_row css=&#8221;.vc_custom_1475701103891{margin-bottom: 20px !important;}&#8221;][vc_column][vc_btn title=&#8221;download our sushi menu&#8221; style=&#8221;dining-menu&#8221; link=&#8221;url:https%3A%2F%2Fwww.satorinr.sk%2Fwp-content%2Fuploads%2F2020%2F03%2FSATORI-sushi-ENG2020.pdf||target:%20_blank|&#8221;][\/vc_column][\/vc_row][vc_row css=&#8221;.vc_custom_1475701103891{margin-bottom: 20px !important;}&#8221;][vc_column][vc_btn title=&#8221;download our drink menu&#8221; link=&#8221;url:https%3A%2F%2Fwww.satorinr.sk%2Fwp-content%2Fuploads%2F2020%2F03%2FSATORI-napojovy-ENG2020.pdf||target:%20_blank|&#8221;][\/vc_column][\/vc_row][vc_row css=&#8221;.vc_custom_1475701111066{margin-bottom: 20px !important;}&#8221;][vc_column][vc_btn [&hellip;]<\/p>\n","protected":false},"author":3,"featured_media":0,"parent":0,"menu_order":0,"comment_status":"closed","ping_status":"closed","template":"page-templates\/page_menu.php","meta":[],"acf":[],"yoast_head":"<!-- This site is optimized with the Yoast SEO plugin v18.4.1 - https:\/\/yoast.com\/wordpress\/plugins\/seo\/ -->\n<title>Offer - Satori Fusion Restaurant<\/title>\n<meta name=\"description\" content=\"\u00c1zijsk\u00e1 re\u0161taur\u00e1cia Satori Fusion Restaurant je spojen\u00edm modernej gastron\u00f3mie, profesion\u00e1lnej obsluhy a pr\u00edjemnej atmosf\u00e9ry v netradi\u010dnom prostred\u00ed s n\u00e1dychom exotiky.\" \/>\n<meta name=\"robots\" content=\"index, follow, max-snippet:-1, max-image-preview:large, max-video-preview:-1\" \/>\n<link rel=\"canonical\" href=\"https:\/\/www.satorinr.sk\/en\/offer\/\" \/>\n<meta property=\"og:locale\" content=\"en_US\" \/>\n<meta property=\"og:type\" content=\"article\" \/>\n<meta property=\"og:title\" content=\"Offer - Satori Fusion Restaurant\" \/>\n<meta property=\"og:description\" content=\"\u00c1zijsk\u00e1 re\u0161taur\u00e1cia Satori Fusion Restaurant je spojen\u00edm modernej gastron\u00f3mie, profesion\u00e1lnej obsluhy a pr\u00edjemnej atmosf\u00e9ry v netradi\u010dnom prostred\u00ed s n\u00e1dychom exotiky.\" \/>\n<meta property=\"og:url\" content=\"https:\/\/www.satorinr.sk\/en\/offer\/\" \/>\n<meta property=\"og:site_name\" content=\"Satori Fusion Restaurant\" \/>\n<meta property=\"article:publisher\" content=\"https:\/\/www.facebook.com\/Satori-Fusion-Restaurant-278052855869035\/\" \/>\n<meta property=\"article:modified_time\" content=\"2020-08-21T09:05:10+00:00\" \/>\n<meta name=\"twitter:card\" content=\"summary\" \/>\n<meta name=\"twitter:label1\" content=\"Est. reading time\" \/>\n\t<meta name=\"twitter:data1\" content=\"1 minute\" \/>\n<script type=\"application\/ld+json\" class=\"yoast-schema-graph\">{\"@context\":\"https:\/\/schema.org\",\"@graph\":[{\"@type\":\"WebSite\",\"@id\":\"https:\/\/www.satorinr.sk\/#website\",\"url\":\"https:\/\/www.satorinr.sk\/\",\"name\":\"Satori Fusion Restaurant\",\"description\":\"\",\"potentialAction\":[{\"@type\":\"SearchAction\",\"target\":{\"@type\":\"EntryPoint\",\"urlTemplate\":\"https:\/\/www.satorinr.sk\/?s={search_term_string}\"},\"query-input\":\"required name=search_term_string\"}],\"inLanguage\":\"en-US\"},{\"@type\":\"WebPage\",\"@id\":\"https:\/\/www.satorinr.sk\/en\/offer\/#webpage\",\"url\":\"https:\/\/www.satorinr.sk\/en\/offer\/\",\"name\":\"Offer - Satori Fusion Restaurant\",\"isPartOf\":{\"@id\":\"https:\/\/www.satorinr.sk\/#website\"},\"datePublished\":\"2017-03-02T10:11:42+00:00\",\"dateModified\":\"2020-08-21T09:05:10+00:00\",\"description\":\"\u00c1zijsk\u00e1 re\u0161taur\u00e1cia Satori Fusion Restaurant je spojen\u00edm modernej gastron\u00f3mie, profesion\u00e1lnej obsluhy a pr\u00edjemnej atmosf\u00e9ry v netradi\u010dnom prostred\u00ed s n\u00e1dychom exotiky.\",\"breadcrumb\":{\"@id\":\"https:\/\/www.satorinr.sk\/en\/offer\/#breadcrumb\"},\"inLanguage\":\"en-US\",\"potentialAction\":[{\"@type\":\"ReadAction\",\"target\":[\"https:\/\/www.satorinr.sk\/en\/offer\/\"]}]},{\"@type\":\"BreadcrumbList\",\"@id\":\"https:\/\/www.satorinr.sk\/en\/offer\/#breadcrumb\",\"itemListElement\":[{\"@type\":\"ListItem\",\"position\":1,\"name\":\"Domovsk\u00e1 str\u00e1nka\",\"item\":\"https:\/\/www.satorinr.sk\/en\/hlavna-stranka\/\"},{\"@type\":\"ListItem\",\"position\":2,\"name\":\"Offer\"}]}]}<\/script>\n<!-- \/ Yoast SEO plugin. -->","yoast_head_json":{"title":"Offer - Satori Fusion Restaurant","description":"\u00c1zijsk\u00e1 re\u0161taur\u00e1cia Satori Fusion Restaurant je spojen\u00edm modernej gastron\u00f3mie, profesion\u00e1lnej obsluhy a pr\u00edjemnej atmosf\u00e9ry v netradi\u010dnom prostred\u00ed s n\u00e1dychom exotiky.","robots":{"index":"index","follow":"follow","max-snippet":"max-snippet:-1","max-image-preview":"max-image-preview:large","max-video-preview":"max-video-preview:-1"},"canonical":"https:\/\/www.satorinr.sk\/en\/offer\/","og_locale":"en_US","og_type":"article","og_title":"Offer - Satori Fusion Restaurant","og_description":"\u00c1zijsk\u00e1 re\u0161taur\u00e1cia Satori Fusion Restaurant je spojen\u00edm modernej gastron\u00f3mie, profesion\u00e1lnej obsluhy a pr\u00edjemnej atmosf\u00e9ry v netradi\u010dnom prostred\u00ed s n\u00e1dychom exotiky.","og_url":"https:\/\/www.satorinr.sk\/en\/offer\/","og_site_name":"Satori Fusion Restaurant","article_publisher":"https:\/\/www.facebook.com\/Satori-Fusion-Restaurant-278052855869035\/","article_modified_time":"2020-08-21T09:05:10+00:00","twitter_card":"summary","twitter_misc":{"Est. reading time":"1 minute"},"schema":{"@context":"https:\/\/schema.org","@graph":[{"@type":"WebSite","@id":"https:\/\/www.satorinr.sk\/#website","url":"https:\/\/www.satorinr.sk\/","name":"Satori Fusion Restaurant","description":"","potentialAction":[{"@type":"SearchAction","target":{"@type":"EntryPoint","urlTemplate":"https:\/\/www.satorinr.sk\/?s={search_term_string}"},"query-input":"required name=search_term_string"}],"inLanguage":"en-US"},{"@type":"WebPage","@id":"https:\/\/www.satorinr.sk\/en\/offer\/#webpage","url":"https:\/\/www.satorinr.sk\/en\/offer\/","name":"Offer - Satori Fusion Restaurant","isPartOf":{"@id":"https:\/\/www.satorinr.sk\/#website"},"datePublished":"2017-03-02T10:11:42+00:00","dateModified":"2020-08-21T09:05:10+00:00","description":"\u00c1zijsk\u00e1 re\u0161taur\u00e1cia Satori Fusion Restaurant je spojen\u00edm modernej gastron\u00f3mie, profesion\u00e1lnej obsluhy a pr\u00edjemnej atmosf\u00e9ry v netradi\u010dnom prostred\u00ed s n\u00e1dychom exotiky.","breadcrumb":{"@id":"https:\/\/www.satorinr.sk\/en\/offer\/#breadcrumb"},"inLanguage":"en-US","potentialAction":[{"@type":"ReadAction","target":["https:\/\/www.satorinr.sk\/en\/offer\/"]}]},{"@type":"BreadcrumbList","@id":"https:\/\/www.satorinr.sk\/en\/offer\/#breadcrumb","itemListElement":[{"@type":"ListItem","position":1,"name":"Domovsk\u00e1 str\u00e1nka","item":"https:\/\/www.satorinr.sk\/en\/hlavna-stranka\/"},{"@type":"ListItem","position":2,"name":"Offer"}]}]}},"_links":{"self":[{"href":"https:\/\/www.satorinr.sk\/en\/wp-json\/wp\/v2\/pages\/1337"}],"collection":[{"href":"https:\/\/www.satorinr.sk\/en\/wp-json\/wp\/v2\/pages"}],"about":[{"href":"https:\/\/www.satorinr.sk\/en\/wp-json\/wp\/v2\/types\/page"}],"author":[{"embeddable":true,"href":"https:\/\/www.satorinr.sk\/en\/wp-json\/wp\/v2\/users\/3"}],"replies":[{"embeddable":true,"href":"https:\/\/www.satorinr.sk\/en\/wp-json\/wp\/v2\/comments?post=1337"}],"version-history":[{"count":10,"href":"https:\/\/www.satorinr.sk\/en\/wp-json\/wp\/v2\/pages\/1337\/revisions"}],"predecessor-version":[{"id":3610,"href":"https:\/\/www.satorinr.sk\/en\/wp-json\/wp\/v2\/pages\/1337\/revisions\/3610"}],"wp:attachment":[{"href":"https:\/\/www.satorinr.sk\/en\/wp-json\/wp\/v2\/media?parent=1337"}],"curies":[{"name":"wp","href":"https:\/\/api.w.org\/{rel}","templated":true}]}}