{"id":1344,"date":"2018-02-09T10:13:18","date_gmt":"2018-02-09T08:13:18","guid":{"rendered":"https:\/\/www.satorinr.sk\/?page_id=1344"},"modified":"2020-08-21T11:04:13","modified_gmt":"2020-08-21T09:04:13","slug":"sushi-school","status":"publish","type":"page","link":"https:\/\/www.satorinr.sk\/en\/sushi-school\/","title":{"rendered":"Sushi school"},"content":{"rendered":"<p style=\"text-align: center;\"><iframe loading=\"lazy\" src=\"https:\/\/www.youtube.com\/embed\/rqAn6dDJOvg\" width=\"560\" height=\"315\" frameborder=\"0\" allowfullscreen=\"allowfullscreen\"><\/iframe><\/p>\n<p style=\"text-align: center;\"><img loading=\"lazy\" class=\"alignnone wp-image-1518 size-full\" src=\"https:\/\/www.satorinr.sk\/wp-content\/uploads\/2018\/08\/50-150x150.jpg\" alt=\"\" width=\"150\" height=\"150\" \/><img loading=\"lazy\" class=\"alignnone wp-image-973 size-thumbnail\" src=\"https:\/\/www.satorinr.sk\/wp-content\/uploads\/2018\/02\/4-6-150x150.jpg\" alt=\"\" width=\"150\" height=\"150\" srcset=\"https:\/\/www.satorinr.sk\/wp-content\/uploads\/2018\/02\/4-6-150x150.jpg 150w, https:\/\/www.satorinr.sk\/wp-content\/uploads\/2018\/02\/4-6-300x300.jpg 300w, https:\/\/www.satorinr.sk\/wp-content\/uploads\/2018\/02\/4-6-450x450.jpg 450w, https:\/\/www.satorinr.sk\/wp-content\/uploads\/2018\/02\/4-6.jpg 652w\" sizes=\"(max-width: 150px) 100vw, 150px\" \/><img loading=\"lazy\" class=\"alignnone wp-image-974 size-thumbnail\" src=\"https:\/\/www.satorinr.sk\/wp-content\/uploads\/2018\/02\/90-150x150.jpg\" alt=\"\" width=\"150\" height=\"150\" srcset=\"https:\/\/www.satorinr.sk\/wp-content\/uploads\/2018\/02\/90-150x150.jpg 150w, https:\/\/www.satorinr.sk\/wp-content\/uploads\/2018\/02\/90-300x300.jpg 300w, https:\/\/www.satorinr.sk\/wp-content\/uploads\/2018\/02\/90-450x450.jpg 450w, https:\/\/www.satorinr.sk\/wp-content\/uploads\/2018\/02\/90.jpg 652w\" sizes=\"(max-width: 150px) 100vw, 150px\" \/><\/p>\n<h4 style=\"text-align: center;\">welcome drink <span style=\"color: #993300;\">\u2022<\/span> japanese tea, coffee\u00a0<span style=\"color: #993300;\">\u2022<\/span>\u00a0sushi rice preparation\u00a0<span style=\"color: #993300;\">\u2022<\/span> fish filleting<br \/>\npreparation of Futomaki <span style=\"color: #993300;\">\u2022<\/span> California Rolls\u00a0<span style=\"color: #993300;\">\u2022<\/span> Nigiri under the guidance of Sushi Masters<\/h4>\n<h4 style=\"text-align: center;\">In case of interest and upon agreement, the school can also be organised for larger groups<br \/>\nreservations\u00a0<span style=\"color: #993300;\"><strong>|<\/strong><\/span> +421 911 505 363<\/h4>\n<p>&nbsp;<\/p>\n","protected":false},"excerpt":{"rendered":"<p>welcome drink \u2022 japanese tea, coffee\u00a0\u2022\u00a0sushi rice preparation\u00a0\u2022 fish filleting preparation of Futomaki \u2022 California Rolls\u00a0\u2022 Nigiri under the guidance of Sushi Masters In case of interest and upon agreement, [&hellip;]<\/p>\n","protected":false},"author":2,"featured_media":0,"parent":0,"menu_order":0,"comment_status":"closed","ping_status":"closed","template":"","meta":[],"acf":[],"yoast_head":"<!-- This site is optimized with the Yoast SEO plugin v18.4.1 - https:\/\/yoast.com\/wordpress\/plugins\/seo\/ -->\n<title>Sushi school - Satori Fusion Restaurant<\/title>\n<meta name=\"description\" content=\"\u00c1zijsk\u00e1 re\u0161taur\u00e1cia Satori Fusion Restaurant je spojen\u00edm modernej gastron\u00f3mie, profesion\u00e1lnej obsluhy a pr\u00edjemnej atmosf\u00e9ry v netradi\u010dnom prostred\u00ed s n\u00e1dychom exotiky.\" \/>\n<meta name=\"robots\" content=\"index, follow, max-snippet:-1, max-image-preview:large, max-video-preview:-1\" \/>\n<link rel=\"canonical\" href=\"https:\/\/www.satorinr.sk\/en\/sushi-school\/\" \/>\n<meta property=\"og:locale\" content=\"en_US\" \/>\n<meta property=\"og:type\" content=\"article\" \/>\n<meta property=\"og:title\" content=\"Sushi school - Satori Fusion Restaurant\" \/>\n<meta property=\"og:description\" content=\"\u00c1zijsk\u00e1 re\u0161taur\u00e1cia Satori Fusion Restaurant je spojen\u00edm modernej gastron\u00f3mie, profesion\u00e1lnej obsluhy a pr\u00edjemnej atmosf\u00e9ry v netradi\u010dnom prostred\u00ed s n\u00e1dychom exotiky.\" \/>\n<meta property=\"og:url\" content=\"https:\/\/www.satorinr.sk\/en\/sushi-school\/\" \/>\n<meta property=\"og:site_name\" content=\"Satori Fusion Restaurant\" \/>\n<meta property=\"article:publisher\" content=\"https:\/\/www.facebook.com\/Satori-Fusion-Restaurant-278052855869035\/\" \/>\n<meta property=\"article:modified_time\" content=\"2020-08-21T09:04:13+00:00\" \/>\n<meta property=\"og:image\" content=\"https:\/\/www.satorinr.sk\/wp-content\/uploads\/2018\/08\/50-150x150.jpg\" \/>\n<meta name=\"twitter:card\" content=\"summary\" \/>\n<script type=\"application\/ld+json\" class=\"yoast-schema-graph\">{\"@context\":\"https:\/\/schema.org\",\"@graph\":[{\"@type\":\"WebSite\",\"@id\":\"https:\/\/www.satorinr.sk\/#website\",\"url\":\"https:\/\/www.satorinr.sk\/\",\"name\":\"Satori Fusion Restaurant\",\"description\":\"\",\"potentialAction\":[{\"@type\":\"SearchAction\",\"target\":{\"@type\":\"EntryPoint\",\"urlTemplate\":\"https:\/\/www.satorinr.sk\/?s={search_term_string}\"},\"query-input\":\"required name=search_term_string\"}],\"inLanguage\":\"en-US\"},{\"@type\":\"ImageObject\",\"@id\":\"https:\/\/www.satorinr.sk\/en\/sushi-school\/#primaryimage\",\"inLanguage\":\"en-US\",\"url\":\"https:\/\/www.satorinr.sk\/wp-content\/uploads\/2018\/08\/50-150x150.jpg\",\"contentUrl\":\"https:\/\/www.satorinr.sk\/wp-content\/uploads\/2018\/08\/50-150x150.jpg\"},{\"@type\":\"WebPage\",\"@id\":\"https:\/\/www.satorinr.sk\/en\/sushi-school\/#webpage\",\"url\":\"https:\/\/www.satorinr.sk\/en\/sushi-school\/\",\"name\":\"Sushi school - Satori Fusion Restaurant\",\"isPartOf\":{\"@id\":\"https:\/\/www.satorinr.sk\/#website\"},\"primaryImageOfPage\":{\"@id\":\"https:\/\/www.satorinr.sk\/en\/sushi-school\/#primaryimage\"},\"datePublished\":\"2018-02-09T08:13:18+00:00\",\"dateModified\":\"2020-08-21T09:04:13+00:00\",\"description\":\"\u00c1zijsk\u00e1 re\u0161taur\u00e1cia Satori Fusion Restaurant je spojen\u00edm modernej gastron\u00f3mie, profesion\u00e1lnej obsluhy a pr\u00edjemnej atmosf\u00e9ry v netradi\u010dnom prostred\u00ed s n\u00e1dychom exotiky.\",\"breadcrumb\":{\"@id\":\"https:\/\/www.satorinr.sk\/en\/sushi-school\/#breadcrumb\"},\"inLanguage\":\"en-US\",\"potentialAction\":[{\"@type\":\"ReadAction\",\"target\":[\"https:\/\/www.satorinr.sk\/en\/sushi-school\/\"]}]},{\"@type\":\"BreadcrumbList\",\"@id\":\"https:\/\/www.satorinr.sk\/en\/sushi-school\/#breadcrumb\",\"itemListElement\":[{\"@type\":\"ListItem\",\"position\":1,\"name\":\"Domovsk\u00e1 str\u00e1nka\",\"item\":\"https:\/\/www.satorinr.sk\/en\/hlavna-stranka\/\"},{\"@type\":\"ListItem\",\"position\":2,\"name\":\"Sushi school\"}]}]}<\/script>\n<!-- \/ Yoast SEO plugin. -->","yoast_head_json":{"title":"Sushi school - Satori Fusion Restaurant","description":"\u00c1zijsk\u00e1 re\u0161taur\u00e1cia Satori Fusion Restaurant je spojen\u00edm modernej gastron\u00f3mie, profesion\u00e1lnej obsluhy a pr\u00edjemnej atmosf\u00e9ry v netradi\u010dnom prostred\u00ed s n\u00e1dychom exotiky.","robots":{"index":"index","follow":"follow","max-snippet":"max-snippet:-1","max-image-preview":"max-image-preview:large","max-video-preview":"max-video-preview:-1"},"canonical":"https:\/\/www.satorinr.sk\/en\/sushi-school\/","og_locale":"en_US","og_type":"article","og_title":"Sushi school - Satori Fusion Restaurant","og_description":"\u00c1zijsk\u00e1 re\u0161taur\u00e1cia Satori Fusion Restaurant je spojen\u00edm modernej gastron\u00f3mie, profesion\u00e1lnej obsluhy a pr\u00edjemnej atmosf\u00e9ry v netradi\u010dnom prostred\u00ed s n\u00e1dychom exotiky.","og_url":"https:\/\/www.satorinr.sk\/en\/sushi-school\/","og_site_name":"Satori Fusion Restaurant","article_publisher":"https:\/\/www.facebook.com\/Satori-Fusion-Restaurant-278052855869035\/","article_modified_time":"2020-08-21T09:04:13+00:00","og_image":[{"url":"https:\/\/www.satorinr.sk\/wp-content\/uploads\/2018\/08\/50-150x150.jpg"}],"twitter_card":"summary","schema":{"@context":"https:\/\/schema.org","@graph":[{"@type":"WebSite","@id":"https:\/\/www.satorinr.sk\/#website","url":"https:\/\/www.satorinr.sk\/","name":"Satori Fusion Restaurant","description":"","potentialAction":[{"@type":"SearchAction","target":{"@type":"EntryPoint","urlTemplate":"https:\/\/www.satorinr.sk\/?s={search_term_string}"},"query-input":"required name=search_term_string"}],"inLanguage":"en-US"},{"@type":"ImageObject","@id":"https:\/\/www.satorinr.sk\/en\/sushi-school\/#primaryimage","inLanguage":"en-US","url":"https:\/\/www.satorinr.sk\/wp-content\/uploads\/2018\/08\/50-150x150.jpg","contentUrl":"https:\/\/www.satorinr.sk\/wp-content\/uploads\/2018\/08\/50-150x150.jpg"},{"@type":"WebPage","@id":"https:\/\/www.satorinr.sk\/en\/sushi-school\/#webpage","url":"https:\/\/www.satorinr.sk\/en\/sushi-school\/","name":"Sushi school - Satori Fusion Restaurant","isPartOf":{"@id":"https:\/\/www.satorinr.sk\/#website"},"primaryImageOfPage":{"@id":"https:\/\/www.satorinr.sk\/en\/sushi-school\/#primaryimage"},"datePublished":"2018-02-09T08:13:18+00:00","dateModified":"2020-08-21T09:04:13+00:00","description":"\u00c1zijsk\u00e1 re\u0161taur\u00e1cia Satori Fusion Restaurant je spojen\u00edm modernej gastron\u00f3mie, profesion\u00e1lnej obsluhy a pr\u00edjemnej atmosf\u00e9ry v netradi\u010dnom prostred\u00ed s n\u00e1dychom exotiky.","breadcrumb":{"@id":"https:\/\/www.satorinr.sk\/en\/sushi-school\/#breadcrumb"},"inLanguage":"en-US","potentialAction":[{"@type":"ReadAction","target":["https:\/\/www.satorinr.sk\/en\/sushi-school\/"]}]},{"@type":"BreadcrumbList","@id":"https:\/\/www.satorinr.sk\/en\/sushi-school\/#breadcrumb","itemListElement":[{"@type":"ListItem","position":1,"name":"Domovsk\u00e1 str\u00e1nka","item":"https:\/\/www.satorinr.sk\/en\/hlavna-stranka\/"},{"@type":"ListItem","position":2,"name":"Sushi school"}]}]}},"_links":{"self":[{"href":"https:\/\/www.satorinr.sk\/en\/wp-json\/wp\/v2\/pages\/1344"}],"collection":[{"href":"https:\/\/www.satorinr.sk\/en\/wp-json\/wp\/v2\/pages"}],"about":[{"href":"https:\/\/www.satorinr.sk\/en\/wp-json\/wp\/v2\/types\/page"}],"author":[{"embeddable":true,"href":"https:\/\/www.satorinr.sk\/en\/wp-json\/wp\/v2\/users\/2"}],"replies":[{"embeddable":true,"href":"https:\/\/www.satorinr.sk\/en\/wp-json\/wp\/v2\/comments?post=1344"}],"version-history":[{"count":5,"href":"https:\/\/www.satorinr.sk\/en\/wp-json\/wp\/v2\/pages\/1344\/revisions"}],"predecessor-version":[{"id":1520,"href":"https:\/\/www.satorinr.sk\/en\/wp-json\/wp\/v2\/pages\/1344\/revisions\/1520"}],"wp:attachment":[{"href":"https:\/\/www.satorinr.sk\/en\/wp-json\/wp\/v2\/media?parent=1344"}],"curies":[{"name":"wp","href":"https:\/\/api.w.org\/{rel}","templated":true}]}}