{"id":5231,"date":"2020-08-26T12:39:46","date_gmt":"2020-08-26T10:39:46","guid":{"rendered":"https:\/\/www.satorinr.sk\/offer\/sushi\/"},"modified":"2022-06-28T09:33:25","modified_gmt":"2022-06-28T07:33:25","slug":"sushi-2","status":"publish","type":"page","link":"https:\/\/www.satorinr.sk\/en\/offer\/sushi-2\/","title":{"rendered":"Sushi"},"content":{"rendered":"","protected":false},"excerpt":{"rendered":"","protected":false},"author":2,"featured_media":4244,"parent":1337,"menu_order":2,"comment_status":"closed","ping_status":"closed","template":"page-templates\/page_flexible_content.php","meta":[],"acf":[],"yoast_head":"<!-- This site is optimized with the Yoast SEO plugin v18.4.1 - https:\/\/yoast.com\/wordpress\/plugins\/seo\/ -->\n<title>Sushi - Satori Fusion Restaurant<\/title>\n<meta name=\"description\" content=\"\u00c1zijsk\u00e1 re\u0161taur\u00e1cia Satori Fusion Restaurant je spojen\u00edm modernej gastron\u00f3mie, profesion\u00e1lnej obsluhy a pr\u00edjemnej atmosf\u00e9ry v netradi\u010dnom prostred\u00ed s n\u00e1dychom exotiky.\" \/>\n<meta name=\"robots\" content=\"index, follow, max-snippet:-1, max-image-preview:large, max-video-preview:-1\" \/>\n<link rel=\"canonical\" href=\"https:\/\/www.satorinr.sk\/en\/offer\/sushi-2\/\" \/>\n<meta property=\"og:locale\" content=\"en_US\" \/>\n<meta property=\"og:type\" content=\"article\" \/>\n<meta property=\"og:title\" content=\"Sushi - Satori Fusion Restaurant\" \/>\n<meta property=\"og:description\" content=\"\u00c1zijsk\u00e1 re\u0161taur\u00e1cia Satori Fusion Restaurant je spojen\u00edm modernej gastron\u00f3mie, profesion\u00e1lnej obsluhy a pr\u00edjemnej atmosf\u00e9ry v netradi\u010dnom prostred\u00ed s n\u00e1dychom exotiky.\" \/>\n<meta property=\"og:url\" content=\"https:\/\/www.satorinr.sk\/en\/offer\/sushi-2\/\" \/>\n<meta property=\"og:site_name\" content=\"Satori Fusion Restaurant\" \/>\n<meta property=\"article:publisher\" content=\"https:\/\/www.facebook.com\/Satori-Fusion-Restaurant-278052855869035\/\" \/>\n<meta property=\"article:modified_time\" content=\"2022-06-28T07:33:25+00:00\" \/>\n<meta property=\"og:image\" content=\"https:\/\/www.satorinr.sk\/wp-content\/uploads\/2020\/08\/sushi.jpg\" \/>\n\t<meta property=\"og:image:width\" content=\"2000\" \/>\n\t<meta property=\"og:image:height\" content=\"1335\" \/>\n\t<meta property=\"og:image:type\" content=\"image\/jpeg\" \/>\n<meta name=\"twitter:card\" content=\"summary\" \/>\n<script type=\"application\/ld+json\" class=\"yoast-schema-graph\">{\"@context\":\"https:\/\/schema.org\",\"@graph\":[{\"@type\":\"WebSite\",\"@id\":\"https:\/\/www.satorinr.sk\/#website\",\"url\":\"https:\/\/www.satorinr.sk\/\",\"name\":\"Satori Fusion Restaurant\",\"description\":\"\",\"potentialAction\":[{\"@type\":\"SearchAction\",\"target\":{\"@type\":\"EntryPoint\",\"urlTemplate\":\"https:\/\/www.satorinr.sk\/?s={search_term_string}\"},\"query-input\":\"required name=search_term_string\"}],\"inLanguage\":\"en-US\"},{\"@type\":\"ImageObject\",\"@id\":\"https:\/\/www.satorinr.sk\/en\/offer\/sushi-2\/#primaryimage\",\"inLanguage\":\"en-US\",\"url\":\"https:\/\/www.satorinr.sk\/wp-content\/uploads\/2020\/08\/sushi.jpg\",\"contentUrl\":\"https:\/\/www.satorinr.sk\/wp-content\/uploads\/2020\/08\/sushi.jpg\",\"width\":2000,\"height\":1335},{\"@type\":\"WebPage\",\"@id\":\"https:\/\/www.satorinr.sk\/en\/offer\/sushi-2\/#webpage\",\"url\":\"https:\/\/www.satorinr.sk\/en\/offer\/sushi-2\/\",\"name\":\"Sushi - Satori Fusion Restaurant\",\"isPartOf\":{\"@id\":\"https:\/\/www.satorinr.sk\/#website\"},\"primaryImageOfPage\":{\"@id\":\"https:\/\/www.satorinr.sk\/en\/offer\/sushi-2\/#primaryimage\"},\"datePublished\":\"2020-08-26T10:39:46+00:00\",\"dateModified\":\"2022-06-28T07:33:25+00:00\",\"description\":\"\u00c1zijsk\u00e1 re\u0161taur\u00e1cia Satori Fusion Restaurant je spojen\u00edm modernej gastron\u00f3mie, profesion\u00e1lnej obsluhy a pr\u00edjemnej atmosf\u00e9ry v netradi\u010dnom prostred\u00ed s n\u00e1dychom exotiky.\",\"breadcrumb\":{\"@id\":\"https:\/\/www.satorinr.sk\/en\/offer\/sushi-2\/#breadcrumb\"},\"inLanguage\":\"en-US\",\"potentialAction\":[{\"@type\":\"ReadAction\",\"target\":[\"https:\/\/www.satorinr.sk\/en\/offer\/sushi-2\/\"]}]},{\"@type\":\"BreadcrumbList\",\"@id\":\"https:\/\/www.satorinr.sk\/en\/offer\/sushi-2\/#breadcrumb\",\"itemListElement\":[{\"@type\":\"ListItem\",\"position\":1,\"name\":\"Domovsk\u00e1 str\u00e1nka\",\"item\":\"https:\/\/www.satorinr.sk\/en\/hlavna-stranka\/\"},{\"@type\":\"ListItem\",\"position\":2,\"name\":\"Offer\",\"item\":\"https:\/\/www.satorinr.sk\/en\/offer\/\"},{\"@type\":\"ListItem\",\"position\":3,\"name\":\"Sushi\"}]}]}<\/script>\n<!-- \/ Yoast SEO plugin. -->","yoast_head_json":{"title":"Sushi - Satori Fusion Restaurant","description":"\u00c1zijsk\u00e1 re\u0161taur\u00e1cia Satori Fusion Restaurant je spojen\u00edm modernej gastron\u00f3mie, profesion\u00e1lnej obsluhy a pr\u00edjemnej atmosf\u00e9ry v netradi\u010dnom prostred\u00ed s n\u00e1dychom exotiky.","robots":{"index":"index","follow":"follow","max-snippet":"max-snippet:-1","max-image-preview":"max-image-preview:large","max-video-preview":"max-video-preview:-1"},"canonical":"https:\/\/www.satorinr.sk\/en\/offer\/sushi-2\/","og_locale":"en_US","og_type":"article","og_title":"Sushi - Satori Fusion Restaurant","og_description":"\u00c1zijsk\u00e1 re\u0161taur\u00e1cia Satori Fusion Restaurant je spojen\u00edm modernej gastron\u00f3mie, profesion\u00e1lnej obsluhy a pr\u00edjemnej atmosf\u00e9ry v netradi\u010dnom prostred\u00ed s n\u00e1dychom exotiky.","og_url":"https:\/\/www.satorinr.sk\/en\/offer\/sushi-2\/","og_site_name":"Satori Fusion Restaurant","article_publisher":"https:\/\/www.facebook.com\/Satori-Fusion-Restaurant-278052855869035\/","article_modified_time":"2022-06-28T07:33:25+00:00","og_image":[{"width":2000,"height":1335,"url":"https:\/\/www.satorinr.sk\/wp-content\/uploads\/2020\/08\/sushi.jpg","type":"image\/jpeg"}],"twitter_card":"summary","schema":{"@context":"https:\/\/schema.org","@graph":[{"@type":"WebSite","@id":"https:\/\/www.satorinr.sk\/#website","url":"https:\/\/www.satorinr.sk\/","name":"Satori Fusion Restaurant","description":"","potentialAction":[{"@type":"SearchAction","target":{"@type":"EntryPoint","urlTemplate":"https:\/\/www.satorinr.sk\/?s={search_term_string}"},"query-input":"required name=search_term_string"}],"inLanguage":"en-US"},{"@type":"ImageObject","@id":"https:\/\/www.satorinr.sk\/en\/offer\/sushi-2\/#primaryimage","inLanguage":"en-US","url":"https:\/\/www.satorinr.sk\/wp-content\/uploads\/2020\/08\/sushi.jpg","contentUrl":"https:\/\/www.satorinr.sk\/wp-content\/uploads\/2020\/08\/sushi.jpg","width":2000,"height":1335},{"@type":"WebPage","@id":"https:\/\/www.satorinr.sk\/en\/offer\/sushi-2\/#webpage","url":"https:\/\/www.satorinr.sk\/en\/offer\/sushi-2\/","name":"Sushi - Satori Fusion Restaurant","isPartOf":{"@id":"https:\/\/www.satorinr.sk\/#website"},"primaryImageOfPage":{"@id":"https:\/\/www.satorinr.sk\/en\/offer\/sushi-2\/#primaryimage"},"datePublished":"2020-08-26T10:39:46+00:00","dateModified":"2022-06-28T07:33:25+00:00","description":"\u00c1zijsk\u00e1 re\u0161taur\u00e1cia Satori Fusion Restaurant je spojen\u00edm modernej gastron\u00f3mie, profesion\u00e1lnej obsluhy a pr\u00edjemnej atmosf\u00e9ry v netradi\u010dnom prostred\u00ed s n\u00e1dychom exotiky.","breadcrumb":{"@id":"https:\/\/www.satorinr.sk\/en\/offer\/sushi-2\/#breadcrumb"},"inLanguage":"en-US","potentialAction":[{"@type":"ReadAction","target":["https:\/\/www.satorinr.sk\/en\/offer\/sushi-2\/"]}]},{"@type":"BreadcrumbList","@id":"https:\/\/www.satorinr.sk\/en\/offer\/sushi-2\/#breadcrumb","itemListElement":[{"@type":"ListItem","position":1,"name":"Domovsk\u00e1 str\u00e1nka","item":"https:\/\/www.satorinr.sk\/en\/hlavna-stranka\/"},{"@type":"ListItem","position":2,"name":"Offer","item":"https:\/\/www.satorinr.sk\/en\/offer\/"},{"@type":"ListItem","position":3,"name":"Sushi"}]}]}},"_links":{"self":[{"href":"https:\/\/www.satorinr.sk\/en\/wp-json\/wp\/v2\/pages\/5231"}],"collection":[{"href":"https:\/\/www.satorinr.sk\/en\/wp-json\/wp\/v2\/pages"}],"about":[{"href":"https:\/\/www.satorinr.sk\/en\/wp-json\/wp\/v2\/types\/page"}],"author":[{"embeddable":true,"href":"https:\/\/www.satorinr.sk\/en\/wp-json\/wp\/v2\/users\/2"}],"replies":[{"embeddable":true,"href":"https:\/\/www.satorinr.sk\/en\/wp-json\/wp\/v2\/comments?post=5231"}],"version-history":[{"count":3,"href":"https:\/\/www.satorinr.sk\/en\/wp-json\/wp\/v2\/pages\/5231\/revisions"}],"predecessor-version":[{"id":5272,"href":"https:\/\/www.satorinr.sk\/en\/wp-json\/wp\/v2\/pages\/5231\/revisions\/5272"}],"up":[{"embeddable":true,"href":"https:\/\/www.satorinr.sk\/en\/wp-json\/wp\/v2\/pages\/1337"}],"wp:featuredmedia":[{"embeddable":true,"href":"https:\/\/www.satorinr.sk\/en\/wp-json\/wp\/v2\/media\/4244"}],"wp:attachment":[{"href":"https:\/\/www.satorinr.sk\/en\/wp-json\/wp\/v2\/media?parent=5231"}],"curies":[{"name":"wp","href":"https:\/\/api.w.org\/{rel}","templated":true}]}}